{"id":888,"date":"2026-02-24T20:33:26","date_gmt":"2026-02-24T20:33:26","guid":{"rendered":"https:\/\/widgets.hr\/?page_id=888"},"modified":"2026-02-24T20:38:29","modified_gmt":"2026-02-24T20:38:29","slug":"online-tecajevi-e-learning-platforma","status":"publish","type":"page","link":"https:\/\/widgets.hr\/en\/online-tecajevi-e-learning-platforma\/","title":{"rendered":"Online Courses \u2014 E-Learning Platform"},"content":{"rendered":"<div data-elementor-type=\"wp-page\" data-elementor-id=\"888\" class=\"elementor elementor-888\" data-elementor-post-type=\"page\">\n\t\t\t\t<div class=\"elementor-element elementor-element-ffe91d e-flex e-con-boxed e-con e-parent\" data-id=\"ffe91d\" data-element_type=\"container\" data-e-type=\"container\" data-settings=\"{&quot;background_background&quot;:&quot;classic&quot;}\">\n\t\t\t\t\t<div class=\"e-con-inner\">\n\t\t<div class=\"elementor-element elementor-element-76b132aa e-con-full e-flex e-con e-child\" data-id=\"76b132aa\" data-element_type=\"container\" data-e-type=\"container\" data-settings=\"{&quot;background_background&quot;:&quot;classic&quot;}\">\n\t\t\t\t<div class=\"elementor-element elementor-element-13c894ce elementor-widget elementor-widget-heading\" data-id=\"13c894ce\" data-element_type=\"widget\" data-e-type=\"widget\" data-widget_type=\"heading.default\">\n\t\t\t\t\t<h6 class=\"elementor-heading-title elementor-size-default\">Online Courses \u2014 E-Learning Platform<\/h6>\t\t\t\t<\/div>\n\t\t\t\t<div class=\"elementor-element elementor-element-4b2b5177 elementor-invisible elementor-widget elementor-widget-heading\" data-id=\"4b2b5177\" data-element_type=\"widget\" data-e-type=\"widget\" data-settings=\"{&quot;_animation&quot;:&quot;fadeInDown&quot;,&quot;_animation_delay&quot;:200}\" data-widget_type=\"heading.default\">\n\t\t\t\t\t<h2 class=\"elementor-heading-title elementor-size-default\">Learn the digital skills that the market demands today \u2014 at your own pace, from practitioners<\/h2>\t\t\t\t<\/div>\n\t\t\t\t<div class=\"elementor-element elementor-element-66639eff elementor-invisible elementor-widget elementor-widget-heading\" data-id=\"66639eff\" data-element_type=\"widget\" data-e-type=\"widget\" data-settings=\"{&quot;_animation&quot;:&quot;fadeInUp&quot;,&quot;_animation_delay&quot;:300}\" data-widget_type=\"heading.default\">\n\t\t\t\t\t<div class=\"elementor-heading-title elementor-size-default\">Theory without practice doesn't work. Our online courses are not a set of slides \u2014 they are structured programs built by experts who do what they teach every day. You access the platform when it suits you, progress at your own pace, and gain knowledge that you can apply immediately \u2014 whether you're building a career, starting your own business, or improving the skills of your employees.<\/div>\t\t\t\t<\/div>\n\t\t\t\t<div class=\"elementor-element elementor-element-e9dca3b elementor-mobile-align-center elementor-widget elementor-widget-button\" data-id=\"e9dca3b\" data-element_type=\"widget\" data-e-type=\"widget\" data-widget_type=\"button.default\">\n\t\t\t\t\t\t\t\t\t\t<a class=\"elementor-button elementor-button-link elementor-size-sm\" href=\"https:\/\/widgets.hr\/en\/kontakt\/\">\n\t\t\t\t\t\t<span class=\"elementor-button-content-wrapper\">\n\t\t\t\t\t\t\t\t\t<span class=\"elementor-button-text\">Start a consultation<\/span>\n\t\t\t\t\t<\/span>\n\t\t\t\t\t<\/a>\n\t\t\t\t\t\t\t\t<\/div>\n\t\t\t\t<\/div>\n\t\t<div class=\"elementor-element elementor-element-a6488c e-con-full e-flex e-con e-child\" data-id=\"a6488c\" data-element_type=\"container\" data-e-type=\"container\">\n\t\t\t\t<div class=\"elementor-element elementor-element-2c8ed86 elementor-invisible elementor-widget elementor-widget-image\" data-id=\"2c8ed86\" data-element_type=\"widget\" data-e-type=\"widget\" data-settings=\"{&quot;_animation&quot;:&quot;fadeInRight&quot;}\" data-widget_type=\"image.default\">\n\t\t\t\t\t\t\t\t\t\t\t\t\t\t\t<img fetchpriority=\"high\" decoding=\"async\" width=\"750\" height=\"627\" src=\"https:\/\/widgets.hr\/wp-content\/uploads\/2026\/02\/imac_img.png\" class=\"attachment-full size-full wp-image-29\" alt=\"Widget d.o.o. Web design photo\" srcset=\"https:\/\/widgets.hr\/wp-content\/uploads\/2026\/02\/imac_img.png 750w, https:\/\/widgets.hr\/wp-content\/uploads\/2026\/02\/imac_img-300x251.png 300w\" sizes=\"(max-width: 750px) 100vw, 750px\" \/>\t\t\t\t\t\t\t\t\t\t\t\t\t\t\t<\/div>\n\t\t\t\t<\/div>\n\t\t\t\t\t<\/div>\n\t\t\t\t<\/div>\n\t\t<div class=\"elementor-element elementor-element-53c8d7fb e-flex e-con-boxed e-con e-parent\" data-id=\"53c8d7fb\" data-element_type=\"container\" data-e-type=\"container\">\n\t\t\t\t\t<div class=\"e-con-inner\">\n\t\t<div class=\"elementor-element elementor-element-25a39d5d e-con-full e-flex e-con e-child\" data-id=\"25a39d5d\" data-element_type=\"container\" data-e-type=\"container\">\n\t\t\t\t<div class=\"elementor-element elementor-element-741b80d2 elementor-widget elementor-widget-heading\" data-id=\"741b80d2\" data-element_type=\"widget\" data-e-type=\"widget\" data-widget_type=\"heading.default\">\n\t\t\t\t\t<h3 class=\"elementor-heading-title elementor-size-default\">Online courses and e-learning platform<\/h3>\t\t\t\t<\/div>\n\t\t\t\t<div class=\"elementor-element elementor-element-1a79d293 elementor-widget elementor-widget-text-editor\" data-id=\"1a79d293\" data-element_type=\"widget\" data-e-type=\"widget\" data-widget_type=\"text-editor.default\">\n\t\t\t\t\t\t\t\t\t<p>The digital economy rewards those who know \u2014 and punishes those who wait for someone else to improve them. Whether you're a beginner just entering the world of web design and digital marketing, a business owner who wants to understand what pays an agency, or a professional looking to expand your competencies, our online courses cover the full spectrum of digital skills. Each program is designed with a clear learning outcome, practical tasks, and examples from real projects \u2014 not abstract examples that don't correspond to real practice.<\/p>\t\t\t\t\t\t\t\t<\/div>\n\t\t\t\t<div class=\"elementor-element elementor-element-23dfcc98 elementor-widget elementor-widget-text-editor\" data-id=\"23dfcc98\" data-element_type=\"widget\" data-e-type=\"widget\" data-widget_type=\"text-editor.default\">\n\t\t\t\t\t\t\t\t\t<p>Widget D.o.o. e-learning platform offers courses in web design, SEO optimization, digital marketing, photography, video production, editing, drone control and graphic design. Upon completion of each unit, participants receive a certificate confirming the acquired competencies. Content is regularly updated to reflect current standards and tools, as knowledge becomes obsolete faster in the digital industry than in any other. Access to the platform is 24\/7, materials are available indefinitely, and instructor support is available for any questions that arise in the learning process.<\/p>\t\t\t\t\t\t\t\t<\/div>\n\t\t<div class=\"elementor-element elementor-element-51fc1fc0 e-flex e-con-boxed e-con e-child\" data-id=\"51fc1fc0\" data-element_type=\"container\" data-e-type=\"container\">\n\t\t\t\t\t<div class=\"e-con-inner\">\n\t\t\t\t<div class=\"elementor-element elementor-element-e8f8561 elementor-widget__width-initial elementor-widget-tablet__width-inherit elementor-icon-list--layout-traditional elementor-list-item-link-full_width elementor-widget elementor-widget-icon-list\" data-id=\"e8f8561\" data-element_type=\"widget\" data-e-type=\"widget\" data-widget_type=\"icon-list.default\">\n\t\t\t\t\t\t\t<ul class=\"elementor-icon-list-items\">\n\t\t\t\t\t\t\t<li class=\"elementor-icon-list-item\">\n\t\t\t\t\t\t\t\t\t\t\t<span class=\"elementor-icon-list-icon\">\n\t\t\t\t\t\t\t<svg aria-hidden=\"true\" class=\"e-font-icon-svg e-fas-check\" viewbox=\"0 0 512 512\" xmlns=\"http:\/\/www.w3.org\/2000\/svg\"><path d=\"M173.898 439.404l-166.4-166.4c-9.997-9.997-9.997-26.206 0-36.204l36.203-36.204c9.997-9.998 26.207-9.998 36.204 0L192 312.69 432.095 72.596c9.997-9.997 26.207-9.997 36.204 0l36.203 36.204c9.997 9.997 9.997 26.206 0 36.204l-294.4 294.401c-9.998 9.997-26.207 9.997-36.204-.001z\"><\/path><\/svg>\t\t\t\t\t\t<\/span>\n\t\t\t\t\t\t\t\t\t\t<span class=\"elementor-icon-list-text\">Courses led by active practitioners<\/span>\n\t\t\t\t\t\t\t\t\t<\/li>\n\t\t\t\t\t\t\t\t<li class=\"elementor-icon-list-item\">\n\t\t\t\t\t\t\t\t\t\t\t<span class=\"elementor-icon-list-icon\">\n\t\t\t\t\t\t\t<svg aria-hidden=\"true\" class=\"e-font-icon-svg e-fas-check\" viewbox=\"0 0 512 512\" xmlns=\"http:\/\/www.w3.org\/2000\/svg\"><path d=\"M173.898 439.404l-166.4-166.4c-9.997-9.997-9.997-26.206 0-36.204l36.203-36.204c9.997-9.998 26.207-9.998 36.204 0L192 312.69 432.095 72.596c9.997-9.997 26.207-9.997 36.204 0l36.203 36.204c9.997 9.997 9.997 26.206 0 36.204l-294.4 294.401c-9.998 9.997-26.207 9.997-36.204-.001z\"><\/path><\/svg>\t\t\t\t\t\t<\/span>\n\t\t\t\t\t\t\t\t\t\t<span class=\"elementor-icon-list-text\">Practical tasks on real projects<\/span>\n\t\t\t\t\t\t\t\t\t<\/li>\n\t\t\t\t\t\t\t\t<li class=\"elementor-icon-list-item\">\n\t\t\t\t\t\t\t\t\t\t\t<span class=\"elementor-icon-list-icon\">\n\t\t\t\t\t\t\t<svg aria-hidden=\"true\" class=\"e-font-icon-svg e-fas-check\" viewbox=\"0 0 512 512\" xmlns=\"http:\/\/www.w3.org\/2000\/svg\"><path d=\"M173.898 439.404l-166.4-166.4c-9.997-9.997-9.997-26.206 0-36.204l36.203-36.204c9.997-9.998 26.207-9.998 36.204 0L192 312.69 432.095 72.596c9.997-9.997 26.207-9.997 36.204 0l36.203 36.204c9.997 9.997 9.997 26.206 0 36.204l-294.4 294.401c-9.998 9.997-26.207 9.997-36.204-.001z\"><\/path><\/svg>\t\t\t\t\t\t<\/span>\n\t\t\t\t\t\t\t\t\t\t<span class=\"elementor-icon-list-text\"> Content that is updated regularly<\/span>\n\t\t\t\t\t\t\t\t\t<\/li>\n\t\t\t\t\t\t\t\t<li class=\"elementor-icon-list-item\">\n\t\t\t\t\t\t\t\t\t\t\t<span class=\"elementor-icon-list-icon\">\n\t\t\t\t\t\t\t<svg aria-hidden=\"true\" class=\"e-font-icon-svg e-fas-check\" viewbox=\"0 0 512 512\" xmlns=\"http:\/\/www.w3.org\/2000\/svg\"><path d=\"M173.898 439.404l-166.4-166.4c-9.997-9.997-9.997-26.206 0-36.204l36.203-36.204c9.997-9.998 26.207-9.998 36.204 0L192 312.69 432.095 72.596c9.997-9.997 26.207-9.997 36.204 0l36.203 36.204c9.997 9.997 9.997 26.206 0 36.204l-294.4 294.401c-9.998 9.997-26.207 9.997-36.204-.001z\"><\/path><\/svg>\t\t\t\t\t\t<\/span>\n\t\t\t\t\t\t\t\t\t\t<span class=\"elementor-icon-list-text\">Courses for beginners and advanced learners<\/span>\n\t\t\t\t\t\t\t\t\t<\/li>\n\t\t\t\t\t\t<\/ul>\n\t\t\t\t\t\t<\/div>\n\t\t\t\t<div class=\"elementor-element elementor-element-5f115506 elementor-widget__width-initial elementor-widget-tablet__width-inherit elementor-icon-list--layout-traditional elementor-list-item-link-full_width elementor-widget elementor-widget-icon-list\" data-id=\"5f115506\" data-element_type=\"widget\" data-e-type=\"widget\" data-widget_type=\"icon-list.default\">\n\t\t\t\t\t\t\t<ul class=\"elementor-icon-list-items\">\n\t\t\t\t\t\t\t<li class=\"elementor-icon-list-item\">\n\t\t\t\t\t\t\t\t\t\t\t<span class=\"elementor-icon-list-icon\">\n\t\t\t\t\t\t\t<svg aria-hidden=\"true\" class=\"e-font-icon-svg e-fas-check\" viewbox=\"0 0 512 512\" xmlns=\"http:\/\/www.w3.org\/2000\/svg\"><path d=\"M173.898 439.404l-166.4-166.4c-9.997-9.997-9.997-26.206 0-36.204l36.203-36.204c9.997-9.998 26.207-9.998 36.204 0L192 312.69 432.095 72.596c9.997-9.997 26.207-9.997 36.204 0l36.203 36.204c9.997 9.997 9.997 26.206 0 36.204l-294.4 294.401c-9.998 9.997-26.207 9.997-36.204-.001z\"><\/path><\/svg>\t\t\t\t\t\t<\/span>\n\t\t\t\t\t\t\t\t\t\t<span class=\"elementor-icon-list-text\">Instructor support throughout the course<\/span>\n\t\t\t\t\t\t\t\t\t<\/li>\n\t\t\t\t\t\t\t\t<li class=\"elementor-icon-list-item\">\n\t\t\t\t\t\t\t\t\t\t\t<span class=\"elementor-icon-list-icon\">\n\t\t\t\t\t\t\t<svg aria-hidden=\"true\" class=\"e-font-icon-svg e-fas-check\" viewbox=\"0 0 512 512\" xmlns=\"http:\/\/www.w3.org\/2000\/svg\"><path d=\"M173.898 439.404l-166.4-166.4c-9.997-9.997-9.997-26.206 0-36.204l36.203-36.204c9.997-9.998 26.207-9.998 36.204 0L192 312.69 432.095 72.596c9.997-9.997 26.207-9.997 36.204 0l36.203 36.204c9.997 9.997 9.997 26.206 0 36.204l-294.4 294.401c-9.998 9.997-26.207 9.997-36.204-.001z\"><\/path><\/svg>\t\t\t\t\t\t<\/span>\n\t\t\t\t\t\t\t\t\t\t<span class=\"elementor-icon-list-text\"> Group and individual programs by appointment<\/span>\n\t\t\t\t\t\t\t\t\t<\/li>\n\t\t\t\t\t\t<\/ul>\n\t\t\t\t\t\t<\/div>\n\t\t\t\t\t<\/div>\n\t\t\t\t<\/div>\n\t\t\t\t<\/div>\n\t\t<div class=\"elementor-element elementor-element-53566102 e-con-full e-flex e-con e-child\" data-id=\"53566102\" data-element_type=\"container\" data-e-type=\"container\">\n\t\t<div class=\"elementor-element elementor-element-641b021e e-flex e-con-boxed e-con e-child\" data-id=\"641b021e\" data-element_type=\"container\" data-e-type=\"container\" data-settings=\"{&quot;background_background&quot;:&quot;gradient&quot;}\">\n\t\t\t\t\t<div class=\"e-con-inner\">\n\t\t\t\t<div class=\"elementor-element elementor-element-1ab3461 elementor-widget elementor-widget-heading\" data-id=\"1ab3461\" data-element_type=\"widget\" data-e-type=\"widget\" data-widget_type=\"heading.default\">\n\t\t\t\t\t<h3 class=\"elementor-heading-title elementor-size-default\">Features<\/h3>\t\t\t\t<\/div>\n\t\t\t\t<div class=\"elementor-element elementor-element-344a7e13 elementor-icon-list--layout-traditional elementor-list-item-link-full_width elementor-widget elementor-widget-icon-list\" data-id=\"344a7e13\" data-element_type=\"widget\" data-e-type=\"widget\" data-widget_type=\"icon-list.default\">\n\t\t\t\t\t\t\t<ul class=\"elementor-icon-list-items\">\n\t\t\t\t\t\t\t<li class=\"elementor-icon-list-item\">\n\t\t\t\t\t\t\t\t\t\t\t<span class=\"elementor-icon-list-icon\">\n\t\t\t\t\t\t\t<i aria-hidden=\"true\" class=\"icon icon-Design-3\"><\/i>\t\t\t\t\t\t<\/span>\n\t\t\t\t\t\t\t\t\t\t<span class=\"elementor-icon-list-text\">Practical Courses \u2014 Not Theory<\/span>\n\t\t\t\t\t\t\t\t\t<\/li>\n\t\t\t\t\t\t\t\t<li class=\"elementor-icon-list-item\">\n\t\t\t\t\t\t\t\t\t\t\t<span class=\"elementor-icon-list-icon\">\n\t\t\t\t\t\t\t<i aria-hidden=\"true\" class=\"icon icon-target-2\"><\/i>\t\t\t\t\t\t<\/span>\n\t\t\t\t\t\t\t\t\t\t<span class=\"elementor-icon-list-text\">Own rhythm, 24\/7 access to materials<\/span>\n\t\t\t\t\t\t\t\t\t<\/li>\n\t\t\t\t\t\t\t\t<li class=\"elementor-icon-list-item\">\n\t\t\t\t\t\t\t\t\t\t\t<span class=\"elementor-icon-list-icon\">\n\t\t\t\t\t\t\t<i aria-hidden=\"true\" class=\"icon icon-shield11\"><\/i>\t\t\t\t\t\t<\/span>\n\t\t\t\t\t\t\t\t\t\t<span class=\"elementor-icon-list-text\">Regularly updated content<\/span>\n\t\t\t\t\t\t\t\t\t<\/li>\n\t\t\t\t\t\t\t\t<li class=\"elementor-icon-list-item\">\n\t\t\t\t\t\t\t\t\t\t\t<span class=\"elementor-icon-list-icon\">\n\t\t\t\t\t\t\t<i aria-hidden=\"true\" class=\"icon icon-Computer\"><\/i>\t\t\t\t\t\t<\/span>\n\t\t\t\t\t\t\t\t\t\t<span class=\"elementor-icon-list-text\">Instructor support through all modules<\/span>\n\t\t\t\t\t\t\t\t\t<\/li>\n\t\t\t\t\t\t\t\t<li class=\"elementor-icon-list-item\">\n\t\t\t\t\t\t\t\t\t\t\t<span class=\"elementor-icon-list-icon\">\n\t\t\t\t\t\t\t<i aria-hidden=\"true\" class=\"icon icon-pen_shape\"><\/i>\t\t\t\t\t\t<\/span>\n\t\t\t\t\t\t\t\t\t\t<span class=\"elementor-icon-list-text\">Group, Individual, and Corporate Programs<\/span>\n\t\t\t\t\t\t\t\t\t<\/li>\n\t\t\t\t\t\t\t\t<li class=\"elementor-icon-list-item\">\n\t\t\t\t\t\t\t\t\t\t\t<span class=\"elementor-icon-list-icon\">\n\t\t\t\t\t\t\t<svg aria-hidden=\"true\" class=\"e-font-icon-svg e-fas-check\" viewbox=\"0 0 512 512\" xmlns=\"http:\/\/www.w3.org\/2000\/svg\"><path d=\"M173.898 439.404l-166.4-166.4c-9.997-9.997-9.997-26.206 0-36.204l36.203-36.204c9.997-9.998 26.207-9.998 36.204 0L192 312.69 432.095 72.596c9.997-9.997 26.207-9.997 36.204 0l36.203 36.204c9.997 9.997 9.997 26.206 0 36.204l-294.4 294.401c-9.998 9.997-26.207 9.997-36.204-.001z\"><\/path><\/svg>\t\t\t\t\t\t<\/span>\n\t\t\t\t\t\t\t\t\t\t<span class=\"elementor-icon-list-text\">Online \u2014 available from all over Croatia and abroad<\/span>\n\t\t\t\t\t\t\t\t\t<\/li>\n\t\t\t\t\t\t<\/ul>\n\t\t\t\t\t\t<\/div>\n\t\t\t\t\t<\/div>\n\t\t\t\t<\/div>\n\t\t\t\t<div class=\"elementor-element elementor-element-1ced4d4 elementor-align-justify elementor-widget elementor-widget-button\" data-id=\"1ced4d4\" data-element_type=\"widget\" data-e-type=\"widget\" data-widget_type=\"button.default\">\n\t\t\t\t\t\t\t\t\t\t<a class=\"elementor-button elementor-button-link elementor-size-md\" href=\"https:\/\/widgets.hr\/en\/kontakt\/\">\n\t\t\t\t\t\t<span class=\"elementor-button-content-wrapper\">\n\t\t\t\t\t\t\t\t\t<span class=\"elementor-button-text\">Start collaboration<\/span>\n\t\t\t\t\t<\/span>\n\t\t\t\t\t<\/a>\n\t\t\t\t\t\t\t\t<\/div>\n\t\t\t\t<\/div>\n\t\t\t\t\t<\/div>\n\t\t\t\t<\/div>\n\t\t\t\t<\/div>","protected":false},"excerpt":{"rendered":"<p>Online te\u010dajevi \u2014 e-learning platforma Nau\u010dite digitalne vje\u0161tine koje danas tra\u017ei tr\u017ei\u0161te \u2014 u vlastitom ritmu, od stru\u010dnjaka iz prakse Teorija bez prakse ne donosi posao. Na\u0161i online te\u010dajevi nisu skup slajdova \u2014 to su strukturirani programi koje su izgradili stru\u010dnjaci koji svaki dan rade ono \u0161to predaju. Pristupate platformi kada vama odgovara, napredujete vlastitim [&hellip;]<\/p>\n","protected":false},"author":1,"featured_media":0,"parent":0,"menu_order":0,"comment_status":"closed","ping_status":"closed","template":"","meta":{"footnotes":""},"folder":[],"class_list":["post-888","page","type-page","status-publish","hentry"],"yoast_head":"<!-- This site is optimized with the Yoast SEO plugin v27.4 - https:\/\/yoast.com\/product\/yoast-seo-wordpress\/ -->\n<title>Online te\u010dajevi \u2014 e-learning platforma - Widget \u2014 Digitalna agencija<\/title>\n<meta name=\"description\" content=\"Nau\u010dite web dizajn, SEO, digitalni marketing, fotografiju i video produkciju kroz online te\u010dajeve Widget D.o.o. Prakti\u010dna znanja, vlastita e-learning platforma, certifikati.\" \/>\n<meta name=\"robots\" content=\"index, follow, max-snippet:-1, max-image-preview:large, max-video-preview:-1\" \/>\n<link rel=\"canonical\" href=\"https:\/\/widgets.hr\/en\/online-tecajevi-e-learning-platforma\/\" \/>\n<meta property=\"og:locale\" content=\"en_GB\" \/>\n<meta property=\"og:type\" content=\"article\" \/>\n<meta property=\"og:title\" content=\"Online te\u010dajevi \u2014 e-learning platforma - Widget \u2014 Digitalna agencija\" \/>\n<meta property=\"og:description\" content=\"Nau\u010dite web dizajn, SEO, digitalni marketing, fotografiju i video produkciju kroz online te\u010dajeve Widget D.o.o. Prakti\u010dna znanja, vlastita e-learning platforma, certifikati.\" \/>\n<meta property=\"og:url\" content=\"https:\/\/widgets.hr\/en\/online-tecajevi-e-learning-platforma\/\" \/>\n<meta property=\"og:site_name\" content=\"Widget \u2014 Digitalna agencija\" \/>\n<meta property=\"article:modified_time\" content=\"2026-02-24T20:38:29+00:00\" \/>\n<meta property=\"og:image\" content=\"http:\/\/widgets.hr\/wp-content\/uploads\/2026\/02\/imac_img.png\" \/>\n<meta name=\"twitter:card\" content=\"summary_large_image\" \/>\n<meta name=\"twitter:label1\" content=\"Estimated reading time\" \/>\n\t<meta name=\"twitter:data1\" content=\"2 minutes\" \/>\n<script type=\"application\/ld+json\" class=\"yoast-schema-graph\">{\"@context\":\"https:\\\/\\\/schema.org\",\"@graph\":[{\"@type\":\"WebPage\",\"@id\":\"https:\\\/\\\/widgets.hr\\\/online-tecajevi-e-learning-platforma\\\/\",\"url\":\"https:\\\/\\\/widgets.hr\\\/online-tecajevi-e-learning-platforma\\\/\",\"name\":\"Online te\u010dajevi \u2014 e-learning platforma - Widget \u2014 Digitalna agencija\",\"isPartOf\":{\"@id\":\"https:\\\/\\\/widgets.hr\\\/#website\"},\"primaryImageOfPage\":{\"@id\":\"https:\\\/\\\/widgets.hr\\\/online-tecajevi-e-learning-platforma\\\/#primaryimage\"},\"image\":{\"@id\":\"https:\\\/\\\/widgets.hr\\\/online-tecajevi-e-learning-platforma\\\/#primaryimage\"},\"thumbnailUrl\":\"http:\\\/\\\/widgets.hr\\\/wp-content\\\/uploads\\\/2026\\\/02\\\/imac_img.png\",\"datePublished\":\"2026-02-24T20:33:26+00:00\",\"dateModified\":\"2026-02-24T20:38:29+00:00\",\"description\":\"Nau\u010dite web dizajn, SEO, digitalni marketing, fotografiju i video produkciju kroz online te\u010dajeve Widget D.o.o. Prakti\u010dna znanja, vlastita e-learning platforma, certifikati.\",\"breadcrumb\":{\"@id\":\"https:\\\/\\\/widgets.hr\\\/online-tecajevi-e-learning-platforma\\\/#breadcrumb\"},\"inLanguage\":\"en-GB\",\"potentialAction\":[{\"@type\":\"ReadAction\",\"target\":[\"https:\\\/\\\/widgets.hr\\\/online-tecajevi-e-learning-platforma\\\/\"]}]},{\"@type\":\"ImageObject\",\"inLanguage\":\"en-GB\",\"@id\":\"https:\\\/\\\/widgets.hr\\\/online-tecajevi-e-learning-platforma\\\/#primaryimage\",\"url\":\"http:\\\/\\\/widgets.hr\\\/wp-content\\\/uploads\\\/2026\\\/02\\\/imac_img.png\",\"contentUrl\":\"http:\\\/\\\/widgets.hr\\\/wp-content\\\/uploads\\\/2026\\\/02\\\/imac_img.png\"},{\"@type\":\"BreadcrumbList\",\"@id\":\"https:\\\/\\\/widgets.hr\\\/online-tecajevi-e-learning-platforma\\\/#breadcrumb\",\"itemListElement\":[{\"@type\":\"ListItem\",\"position\":1,\"name\":\"Home\",\"item\":\"https:\\\/\\\/widgets.hr\\\/\"},{\"@type\":\"ListItem\",\"position\":2,\"name\":\"Online te\u010dajevi \u2014 e-learning platforma\"}]},{\"@type\":\"WebSite\",\"@id\":\"https:\\\/\\\/widgets.hr\\\/#website\",\"url\":\"https:\\\/\\\/widgets.hr\\\/\",\"name\":\"Widget \u2014 Digitalna agencija\",\"description\":\"Izrada web stranica\",\"publisher\":{\"@id\":\"https:\\\/\\\/widgets.hr\\\/#organization\"},\"potentialAction\":[{\"@type\":\"SearchAction\",\"target\":{\"@type\":\"EntryPoint\",\"urlTemplate\":\"https:\\\/\\\/widgets.hr\\\/?s={search_term_string}\"},\"query-input\":{\"@type\":\"PropertyValueSpecification\",\"valueRequired\":true,\"valueName\":\"search_term_string\"}}],\"inLanguage\":\"en-GB\"},{\"@type\":\"Organization\",\"@id\":\"https:\\\/\\\/widgets.hr\\\/#organization\",\"name\":\"Widget \u2014 Digitalna agencija\",\"url\":\"https:\\\/\\\/widgets.hr\\\/\",\"logo\":{\"@type\":\"ImageObject\",\"inLanguage\":\"en-GB\",\"@id\":\"https:\\\/\\\/widgets.hr\\\/#\\\/schema\\\/logo\\\/image\\\/\",\"url\":\"https:\\\/\\\/widgets.hr\\\/wp-content\\\/uploads\\\/2026\\\/02\\\/cropped-Widget-logo-bez-background.png\",\"contentUrl\":\"https:\\\/\\\/widgets.hr\\\/wp-content\\\/uploads\\\/2026\\\/02\\\/cropped-Widget-logo-bez-background.png\",\"width\":738,\"height\":667,\"caption\":\"Widget \u2014 Digitalna agencija\"},\"image\":{\"@id\":\"https:\\\/\\\/widgets.hr\\\/#\\\/schema\\\/logo\\\/image\\\/\"}}]}<\/script>\n<!-- \/ Yoast SEO plugin. -->","yoast_head_json":{"title":"Online te\u010dajevi \u2014 e-learning platforma - Widget \u2014 Digitalna agencija","description":"Nau\u010dite web dizajn, SEO, digitalni marketing, fotografiju i video produkciju kroz online te\u010dajeve Widget D.o.o. Prakti\u010dna znanja, vlastita e-learning platforma, certifikati.","robots":{"index":"index","follow":"follow","max-snippet":"max-snippet:-1","max-image-preview":"max-image-preview:large","max-video-preview":"max-video-preview:-1"},"canonical":"https:\/\/widgets.hr\/en\/online-tecajevi-e-learning-platforma\/","og_locale":"en_GB","og_type":"article","og_title":"Online te\u010dajevi \u2014 e-learning platforma - Widget \u2014 Digitalna agencija","og_description":"Nau\u010dite web dizajn, SEO, digitalni marketing, fotografiju i video produkciju kroz online te\u010dajeve Widget D.o.o. Prakti\u010dna znanja, vlastita e-learning platforma, certifikati.","og_url":"https:\/\/widgets.hr\/en\/online-tecajevi-e-learning-platforma\/","og_site_name":"Widget \u2014 Digitalna agencija","article_modified_time":"2026-02-24T20:38:29+00:00","og_image":[{"url":"http:\/\/widgets.hr\/wp-content\/uploads\/2026\/02\/imac_img.png","type":"","width":"","height":""}],"twitter_card":"summary_large_image","twitter_misc":{"Estimated reading time":"2 minutes"},"schema":{"@context":"https:\/\/schema.org","@graph":[{"@type":"WebPage","@id":"https:\/\/widgets.hr\/online-tecajevi-e-learning-platforma\/","url":"https:\/\/widgets.hr\/online-tecajevi-e-learning-platforma\/","name":"Online te\u010dajevi \u2014 e-learning platforma - Widget \u2014 Digitalna agencija","isPartOf":{"@id":"https:\/\/widgets.hr\/#website"},"primaryImageOfPage":{"@id":"https:\/\/widgets.hr\/online-tecajevi-e-learning-platforma\/#primaryimage"},"image":{"@id":"https:\/\/widgets.hr\/online-tecajevi-e-learning-platforma\/#primaryimage"},"thumbnailUrl":"http:\/\/widgets.hr\/wp-content\/uploads\/2026\/02\/imac_img.png","datePublished":"2026-02-24T20:33:26+00:00","dateModified":"2026-02-24T20:38:29+00:00","description":"Nau\u010dite web dizajn, SEO, digitalni marketing, fotografiju i video produkciju kroz online te\u010dajeve Widget D.o.o. Prakti\u010dna znanja, vlastita e-learning platforma, certifikati.","breadcrumb":{"@id":"https:\/\/widgets.hr\/online-tecajevi-e-learning-platforma\/#breadcrumb"},"inLanguage":"en-GB","potentialAction":[{"@type":"ReadAction","target":["https:\/\/widgets.hr\/online-tecajevi-e-learning-platforma\/"]}]},{"@type":"ImageObject","inLanguage":"en-GB","@id":"https:\/\/widgets.hr\/online-tecajevi-e-learning-platforma\/#primaryimage","url":"http:\/\/widgets.hr\/wp-content\/uploads\/2026\/02\/imac_img.png","contentUrl":"http:\/\/widgets.hr\/wp-content\/uploads\/2026\/02\/imac_img.png"},{"@type":"BreadcrumbList","@id":"https:\/\/widgets.hr\/online-tecajevi-e-learning-platforma\/#breadcrumb","itemListElement":[{"@type":"ListItem","position":1,"name":"Home","item":"https:\/\/widgets.hr\/"},{"@type":"ListItem","position":2,"name":"Online te\u010dajevi \u2014 e-learning platforma"}]},{"@type":"WebSite","@id":"https:\/\/widgets.hr\/#website","url":"https:\/\/widgets.hr\/","name":"Widget \u2014 Digitalna agencija","description":"Website development","publisher":{"@id":"https:\/\/widgets.hr\/#organization"},"potentialAction":[{"@type":"SearchAction","target":{"@type":"EntryPoint","urlTemplate":"https:\/\/widgets.hr\/?s={search_term_string}"},"query-input":{"@type":"PropertyValueSpecification","valueRequired":true,"valueName":"search_term_string"}}],"inLanguage":"en-GB"},{"@type":"Organization","@id":"https:\/\/widgets.hr\/#organization","name":"Widget \u2014 Digitalna agencija","url":"https:\/\/widgets.hr\/","logo":{"@type":"ImageObject","inLanguage":"en-GB","@id":"https:\/\/widgets.hr\/#\/schema\/logo\/image\/","url":"https:\/\/widgets.hr\/wp-content\/uploads\/2026\/02\/cropped-Widget-logo-bez-background.png","contentUrl":"https:\/\/widgets.hr\/wp-content\/uploads\/2026\/02\/cropped-Widget-logo-bez-background.png","width":738,"height":667,"caption":"Widget \u2014 Digitalna agencija"},"image":{"@id":"https:\/\/widgets.hr\/#\/schema\/logo\/image\/"}}]}},"_links":{"self":[{"href":"https:\/\/widgets.hr\/en\/wp-json\/wp\/v2\/pages\/888","targetHints":{"allow":["GET"]}}],"collection":[{"href":"https:\/\/widgets.hr\/en\/wp-json\/wp\/v2\/pages"}],"about":[{"href":"https:\/\/widgets.hr\/en\/wp-json\/wp\/v2\/types\/page"}],"author":[{"embeddable":true,"href":"https:\/\/widgets.hr\/en\/wp-json\/wp\/v2\/users\/1"}],"replies":[{"embeddable":true,"href":"https:\/\/widgets.hr\/en\/wp-json\/wp\/v2\/comments?post=888"}],"version-history":[{"count":4,"href":"https:\/\/widgets.hr\/en\/wp-json\/wp\/v2\/pages\/888\/revisions"}],"predecessor-version":[{"id":892,"href":"https:\/\/widgets.hr\/en\/wp-json\/wp\/v2\/pages\/888\/revisions\/892"}],"wp:attachment":[{"href":"https:\/\/widgets.hr\/en\/wp-json\/wp\/v2\/media?parent=888"}],"wp:term":[{"taxonomy":"folder","embeddable":true,"href":"https:\/\/widgets.hr\/en\/wp-json\/wp\/v2\/folder?post=888"}],"curies":[{"name":"wp","href":"https:\/\/api.w.org\/{rel}","templated":true}]}}